{"id":643,"date":"2024-06-17T15:24:49","date_gmt":"2024-06-17T15:24:49","guid":{"rendered":"https:\/\/minusadam.com\/et\/?page_id=643"},"modified":"2025-08-29T11:00:11","modified_gmt":"2025-08-29T11:00:11","slug":"tegevused-ja-aktiivne-puhkus","status":"publish","type":"page","link":"https:\/\/minusadam.com\/et\/getaway\/tegevused-ja-aktiivne-puhkus\/","title":{"rendered":"Tegevused"},"content":{"rendered":"\n<div class=\"wp-block-media-text has-media-on-the-right is-stacked-on-mobile\" style=\"grid-template-columns:auto 31%\"><div class=\"wp-block-media-text__content\">\n<p class=\"has-text-align-left\">MinuSadam puhkemajakestes Kaberneemes v\u00f5id olla lihtsalt niisama, vedeleda rannas v\u00f5i jalutada metsas. Usume siiski, et aktiivne puhkus v\u00e4rskendab vaimu ja turgutab keha k\u00f5ige paremini. Sestap oleme hoolitsenud selle eest, et sul oleks valikuid erinevateks tegevusteks.<\/p>\n\n\n\n<p class=\"has-text-align-left\">NB! Meie territooriumil on teie turvalisuseks ja ebameeldivate olukordade \u00e4ra hoidmiseks videovalve.<\/p>\n<\/div><figure class=\"wp-block-media-text__media\"><img loading=\"lazy\" decoding=\"async\" width=\"1024\" height=\"683\" src=\"https:\/\/minusadam.com\/et\/wp-content\/uploads\/sites\/2\/2024\/06\/Kata-sadamas_1-3-1024x683.jpg\" alt=\"\" class=\"wp-image-1032 size-full\" srcset=\"https:\/\/minusadam.com\/et\/wp-content\/uploads\/sites\/2\/2024\/06\/Kata-sadamas_1-3-1024x683.jpg 1024w, https:\/\/minusadam.com\/et\/wp-content\/uploads\/sites\/2\/2024\/06\/Kata-sadamas_1-3-300x200.jpg 300w, https:\/\/minusadam.com\/et\/wp-content\/uploads\/sites\/2\/2024\/06\/Kata-sadamas_1-3-768x512.jpg 768w, https:\/\/minusadam.com\/et\/wp-content\/uploads\/sites\/2\/2024\/06\/Kata-sadamas_1-3-600x400.jpg 600w, https:\/\/minusadam.com\/et\/wp-content\/uploads\/sites\/2\/2024\/06\/Kata-sadamas_1-3.jpg 1200w\" sizes=\"auto, (max-width: 1024px) 100vw, 1024px\" \/><\/figure><\/div>\n\n\n\n<p class=\"has-text-align-left\"><\/p>\n\n\n\n<div style=\"height:40px\" aria-hidden=\"true\" class=\"wp-block-spacer\"><\/div>\n\n\n\n<div class=\"wp-block-media-text is-stacked-on-mobile\" style=\"grid-template-columns:30% auto\"><figure class=\"wp-block-media-text__media\"><img loading=\"lazy\" decoding=\"async\" width=\"1024\" height=\"1024\" src=\"https:\/\/minusadam.com\/et\/wp-content\/uploads\/sites\/2\/2024\/06\/Jaanika-mangib-tennist-1-1024x1024.jpg\" alt=\"\" class=\"wp-image-1033 size-full\" srcset=\"https:\/\/minusadam.com\/et\/wp-content\/uploads\/sites\/2\/2024\/06\/Jaanika-mangib-tennist-1-1024x1024.jpg 1024w, https:\/\/minusadam.com\/et\/wp-content\/uploads\/sites\/2\/2024\/06\/Jaanika-mangib-tennist-1-300x300.jpg 300w, https:\/\/minusadam.com\/et\/wp-content\/uploads\/sites\/2\/2024\/06\/Jaanika-mangib-tennist-1-150x150.jpg 150w, https:\/\/minusadam.com\/et\/wp-content\/uploads\/sites\/2\/2024\/06\/Jaanika-mangib-tennist-1-768x768.jpg 768w, https:\/\/minusadam.com\/et\/wp-content\/uploads\/sites\/2\/2024\/06\/Jaanika-mangib-tennist-1-600x600.jpg 600w, https:\/\/minusadam.com\/et\/wp-content\/uploads\/sites\/2\/2024\/06\/Jaanika-mangib-tennist-1-100x100.jpg 100w, https:\/\/minusadam.com\/et\/wp-content\/uploads\/sites\/2\/2024\/06\/Jaanika-mangib-tennist-1.jpg 1200w\" sizes=\"auto, (max-width: 1024px) 100vw, 1024px\" \/><\/figure><div class=\"wp-block-media-text__content\">\n<p><strong>M\u00c4NGI TENNIST<\/strong><\/p>\n\n\n\n<p>Kuna oleme ise suured tenniseentusiastid, siis on k\u00f5ik puhkemajakesed ehitatud \u00fcmber tennisev\u00e4ljaku, mida on seet\u00f5ttu raske mitte m\u00e4rgata. Oled sa algaja v\u00f5i edasij\u00f5udnud m\u00e4ngija v\u00f5i ehk polegi kunagi reketit k\u00e4es hoidnud &#8211; tasemel pole vahet. Sul on v\u00f5imalus v\u00e4ljakule astuda ja oma sisemine Federer, Serena v\u00f5i Anett valla lasta. Kui sul puudub paariline, siis saad meie k\u00e4est rentida pallimasina ja reketid ning osta pallid. Lisaks saad etteteatamisel kokku leppida ka treeningu treeneriga v\u00f5i korraldada lausa tenniselaagri. Anna aga julgesti oma soovidest teada.<\/p>\n<\/div><\/div>\n\n\n\n<div style=\"height:32px\" aria-hidden=\"true\" class=\"wp-block-spacer\"><\/div>\n\n\n\n<p><strong>Siin on meie tennisev\u00e4ljaku KODUKORD<\/strong>:<\/p>\n\n\n\n<ul class=\"wp-block-list\">\n<li>Tennisev\u00e4ljak on vaid tennisem\u00e4nguks.<\/li>\n\n\n\n<li>Tennis on soliidne m\u00e4ng &#8211; k\u00e4itu vastavalt nii v\u00e4ljakul kui selle l\u00e4heduses. Arvesta, et v\u00e4ljaku naabruses elavad teised inimesed, kes hindavad vaikust ja rahu.<\/li>\n\n\n\n<li>Kanna tennisem\u00e4nguks sobilikku riietust ja jalatseid. Palun \u00e4ra mine v\u00e4ljakule mullaste ja m\u00e4\u00e4rdunud jalan\u00f5udega. See rikub v\u00e4ljakut.<\/li>\n\n\n\n<li>Tennisev\u00e4ljak pole sobilik koht koerte ega teiste koduloomade jaoks.<\/li>\n\n\n\n<li>Palun tee tennisev\u00e4ljak enda j\u00e4rel korda. \u00c4ra too toitu ega jooke v\u00e4ljakule ja v\u00f5ta oma asjad p\u00e4rast m\u00e4ngu kaasa.<\/li>\n\n\n\n<li>Tennisev\u00e4ljaku ja -inventari l\u00f5hkumine v\u00f5i rikkumine pole lubatud. Tekitatud kahju tuleb h\u00fcvitada.<\/li>\n\n\n\n<li>Kui sulle meeldib meie juures, siis aita meil seda kohta hoida ja hooldada. Tasu oma m\u00e4nguaja eest enne v\u00e4ljakule minemist. Tennisev\u00e4ljaku rent on 15.00 eur\/h + KM = 18,30 eur. Meie konto Swedbankis on EE422200221077816381.<\/li>\n\n\n\n<li>Kui teil on k\u00fcsimusi v\u00f5i muresid v\u00e4ljaku kasutamise osas, siis helistage +372 5114695.<\/li>\n<\/ul>\n\n\n\n<div style=\"height:40px\" aria-hidden=\"true\" class=\"wp-block-spacer\"><\/div>\n\n\n\n<div class=\"wp-block-media-text has-media-on-the-right is-stacked-on-mobile\" style=\"grid-template-columns:auto 30%\"><div class=\"wp-block-media-text__content\">\n<p><strong>M\u00c4NGI RANNATENNIST<\/strong> v\u00f5i hoopis <strong>LAUATENNIST<\/strong><\/p>\n\n\n\n<p>Lisaks klassikalisele tennisele on meil kohe puhkemajakeste juures ka rannataennise liivav\u00e4ljak, kuigi rand ise pole samuti kaugel. Kui sul endal varustust pole, siis meie juures saad rentida rannatennise reketid ja pallid. Nii nagu tennise puhul, saad ka rannatennise trenniks tellida treeneri, kui oma soovist meid aegsasti ette teavitad. Lauatennise laua koos reketite ja pallidega leiate tennisepaviljoni tagant kokkupanduna. Kui pallid peaksid olema r\u00e4ndama l\u00e4inud, on t\u00e4iendavad pallid saadaval.<\/p>\n<\/div><figure class=\"wp-block-media-text__media\"><img loading=\"lazy\" decoding=\"async\" width=\"1002\" height=\"972\" src=\"https:\/\/minusadam.com\/et\/wp-content\/uploads\/sites\/2\/2024\/06\/Rannatennis-puhkemajade-juures_2.1.jpg\" alt=\"\" class=\"wp-image-1037 size-full\" srcset=\"https:\/\/minusadam.com\/et\/wp-content\/uploads\/sites\/2\/2024\/06\/Rannatennis-puhkemajade-juures_2.1.jpg 1002w, https:\/\/minusadam.com\/et\/wp-content\/uploads\/sites\/2\/2024\/06\/Rannatennis-puhkemajade-juures_2.1-300x291.jpg 300w, https:\/\/minusadam.com\/et\/wp-content\/uploads\/sites\/2\/2024\/06\/Rannatennis-puhkemajade-juures_2.1-768x745.jpg 768w, https:\/\/minusadam.com\/et\/wp-content\/uploads\/sites\/2\/2024\/06\/Rannatennis-puhkemajade-juures_2.1-600x582.jpg 600w\" sizes=\"auto, (max-width: 1002px) 100vw, 1002px\" \/><\/figure><\/div>\n\n\n\n<div style=\"height:40px\" aria-hidden=\"true\" class=\"wp-block-spacer\"><\/div>\n\n\n\n<p><strong>S\u00d5IDA RATTAGA<\/strong><\/p>\n\n\n\n<p>Puhkemajakeste juures on meil hetkel kaks jalgratast. Pole midagi m\u00f5nusamat, kui teha v\u00e4ike jalgarattamatk metsaradadel ja naaberk\u00fcladesse.<\/p>\n\n\n\n<div style=\"height:40px\" aria-hidden=\"true\" class=\"wp-block-spacer\"><\/div>\n\n\n\n<div class=\"wp-block-media-text is-stacked-on-mobile\" style=\"grid-template-columns:30% auto\"><figure class=\"wp-block-media-text__media\"><img loading=\"lazy\" decoding=\"async\" width=\"1024\" height=\"1024\" src=\"https:\/\/minusadam.com\/et\/wp-content\/uploads\/sites\/2\/2024\/06\/Surfikoer_1.1-1024x1024.jpg\" alt=\"\" class=\"wp-image-1040 size-full\" srcset=\"https:\/\/minusadam.com\/et\/wp-content\/uploads\/sites\/2\/2024\/06\/Surfikoer_1.1-1024x1024.jpg 1024w, https:\/\/minusadam.com\/et\/wp-content\/uploads\/sites\/2\/2024\/06\/Surfikoer_1.1-300x300.jpg 300w, https:\/\/minusadam.com\/et\/wp-content\/uploads\/sites\/2\/2024\/06\/Surfikoer_1.1-150x150.jpg 150w, https:\/\/minusadam.com\/et\/wp-content\/uploads\/sites\/2\/2024\/06\/Surfikoer_1.1-768x768.jpg 768w, https:\/\/minusadam.com\/et\/wp-content\/uploads\/sites\/2\/2024\/06\/Surfikoer_1.1-600x600.jpg 600w, https:\/\/minusadam.com\/et\/wp-content\/uploads\/sites\/2\/2024\/06\/Surfikoer_1.1-100x100.jpg 100w, https:\/\/minusadam.com\/et\/wp-content\/uploads\/sites\/2\/2024\/06\/Surfikoer_1.1.jpg 1200w\" sizes=\"auto, (max-width: 1024px) 100vw, 1024px\" \/><\/figure><div class=\"wp-block-media-text__content\">\n<p><strong>S\u00d5IDA SUP&#8217;iga<\/strong><\/p>\n\n\n\n<p>Aktiivne puhkus v\u00f5ib olla ka t\u00e4itsa <em>chill.<\/em> Hetkel on meil saadaval kaks SUP-lauda. Palun lauad ise randa viia ja sealt ka \u00e4ra tuua: SUP laudade randa j\u00e4tmist k\u00e4sitleme meie vara hooletusse j\u00e4tmisena ning loeme nad kadunuks, misj\u00e4rel esitame teile arve nende h\u00fcvitamiseks.<\/p>\n\n\n\n<p><\/p>\n<\/div><\/div>\n\n\n\n<div style=\"height:40px\" aria-hidden=\"true\" class=\"wp-block-spacer\"><\/div>\n\n\n\n<p><strong>K\u00c4I SAUNAS<\/strong><\/p>\n\n\n\n<p>Sauna kasutamine on lisatasu eest. K\u00e4mpingumajades majutujad peaksid sauna kasutamise eelnevalt koosk\u00f5lastama, et saaksime selle omakorda kokku leppida tennisepaviljoni rentnikega. Koha peal sauna kasutamist enam kokku leppida ei saa, kui just tennisepaviljon pole v\u00e4lja renditud.<\/p>\n\n\n\n<div style=\"height:40px\" aria-hidden=\"true\" class=\"wp-block-spacer\"><\/div>\n\n\n\n<div class=\"wp-block-media-text has-media-on-the-right is-stacked-on-mobile\" style=\"grid-template-columns:auto 30%\"><div class=\"wp-block-media-text__content\">\n<p><strong>TEE ISE KERAAMIKAT<\/strong><\/p>\n\n\n\n<p>Puhkemajade l\u00e4heduses, vaid ca 300 meetri kaugusel mere \u00e4\u00e4res asub keraamikamaja, kus saab vihmase ilma korral v\u00f5i ka h\u00e4marduvate suve\u00f5htute sisustamiseks veidi savi voolida. Tule lase oma loominguline loom valla ja tee endale ise kohvitass, teekruus, kauss v\u00f5i savikuju. See on tore m\u00e4lestus suvepuhkusest Kaberneemes. Keraamika t\u00f6\u00f6tuba tuleks kokku leppida v\u00e4hemalt kaks n\u00e4dalat ette. Kaberneeme keraamikamaja pereniase tegemistest saate lugeda <strong><a href=\"https:\/\/minusadam.com\/et\/savistuudio-ja-pood\/\">SIIT<\/a> <\/strong>ja tema Instagrami konto on <strong><a href=\"https:\/\/www.instagram.com\/minusadamcrafts\/\">SIIN<\/a>.<\/strong><\/p>\n<\/div><figure class=\"wp-block-media-text__media\"><img loading=\"lazy\" decoding=\"async\" width=\"1024\" height=\"1024\" src=\"https:\/\/minusadam.com\/et\/wp-content\/uploads\/sites\/2\/2024\/06\/Tee-ise-keraamikat_1.1-1024x1024.jpg\" alt=\"\" class=\"wp-image-1050 size-full\" srcset=\"https:\/\/minusadam.com\/et\/wp-content\/uploads\/sites\/2\/2024\/06\/Tee-ise-keraamikat_1.1-1024x1024.jpg 1024w, https:\/\/minusadam.com\/et\/wp-content\/uploads\/sites\/2\/2024\/06\/Tee-ise-keraamikat_1.1-300x300.jpg 300w, https:\/\/minusadam.com\/et\/wp-content\/uploads\/sites\/2\/2024\/06\/Tee-ise-keraamikat_1.1-150x150.jpg 150w, https:\/\/minusadam.com\/et\/wp-content\/uploads\/sites\/2\/2024\/06\/Tee-ise-keraamikat_1.1-768x768.jpg 768w, https:\/\/minusadam.com\/et\/wp-content\/uploads\/sites\/2\/2024\/06\/Tee-ise-keraamikat_1.1-600x600.jpg 600w, https:\/\/minusadam.com\/et\/wp-content\/uploads\/sites\/2\/2024\/06\/Tee-ise-keraamikat_1.1-100x100.jpg 100w, https:\/\/minusadam.com\/et\/wp-content\/uploads\/sites\/2\/2024\/06\/Tee-ise-keraamikat_1.1.jpg 1200w\" sizes=\"auto, (max-width: 1024px) 100vw, 1024px\" \/><\/figure><\/div>\n\n\n\n<div style=\"height:40px\" aria-hidden=\"true\" class=\"wp-block-spacer\"><\/div>\n\n\n\n<p><strong>K\u00dcLASTA RAAMATUKOGU<\/strong><\/p>\n\n\n\n<p>Kaberneeme k\u00fclas on raamatukogu, mille lahtiolekuajad leiad <a href=\"https:\/\/joelahtmeraamat.weebly.com\/kaberneeme-raamatukogu.html\"><strong>SIIT.<\/strong><\/a><\/p>\n\n\n\n<div style=\"height:40px\" aria-hidden=\"true\" class=\"wp-block-spacer\"><\/div>\n\n\n\n<div class=\"wp-block-media-text is-stacked-on-mobile\" style=\"grid-template-columns:30% auto\"><figure class=\"wp-block-media-text__media\"><img loading=\"lazy\" decoding=\"async\" width=\"1024\" height=\"1024\" src=\"https:\/\/minusadam.com\/et\/wp-content\/uploads\/sites\/2\/2024\/06\/Kabe-Beach_2.1-1024x1024.jpg\" alt=\"\" class=\"wp-image-1054 size-full\" srcset=\"https:\/\/minusadam.com\/et\/wp-content\/uploads\/sites\/2\/2024\/06\/Kabe-Beach_2.1-1024x1024.jpg 1024w, https:\/\/minusadam.com\/et\/wp-content\/uploads\/sites\/2\/2024\/06\/Kabe-Beach_2.1-300x300.jpg 300w, https:\/\/minusadam.com\/et\/wp-content\/uploads\/sites\/2\/2024\/06\/Kabe-Beach_2.1-150x150.jpg 150w, https:\/\/minusadam.com\/et\/wp-content\/uploads\/sites\/2\/2024\/06\/Kabe-Beach_2.1-768x768.jpg 768w, https:\/\/minusadam.com\/et\/wp-content\/uploads\/sites\/2\/2024\/06\/Kabe-Beach_2.1-600x600.jpg 600w, https:\/\/minusadam.com\/et\/wp-content\/uploads\/sites\/2\/2024\/06\/Kabe-Beach_2.1-100x100.jpg 100w, https:\/\/minusadam.com\/et\/wp-content\/uploads\/sites\/2\/2024\/06\/Kabe-Beach_2.1.jpg 1200w\" sizes=\"auto, (max-width: 1024px) 100vw, 1024px\" \/><\/figure><div class=\"wp-block-media-text__content\">\n<p><strong>EINESTA KOHALIKES TOIDUKOHTADES<\/strong><\/p>\n\n\n\n<p><strong><a href=\"https:\/\/www.facebook.com\/kabebeachrestaurant\/\">KABE BEACH<\/a><\/strong> on bohochic sadamarestoran, mis on tuntud oma esmasklassilise k\u00f6\u00f6gi ja noorusliku energia poolest. Nagu \u00f6eldakse: &#8220;Siin juhtub nii m\u00f5ndagi&#8221; ning ilusate ilmadega ei puudu siit n\u00e4dalavahetustel ka DJ plaadikeerutamine ja rannabaari kokteilipeod. Sinu aktiivne puhkus v\u00f5ib m\u00f6\u00f6duda ka tantsur\u00fctmis.<\/p>\n\n\n\n<p><a href=\"https:\/\/www.facebook.com\/La.Casa.Nostra.Kaberneeme\"><strong>LA CASA NOSTRA<\/strong><\/a> on meie k\u00fcla ainuke ja erakordne pererestoran, kus peremees Tanel ja perenaine Stina koos oma kaksikutest t\u00e4iskasvanud t\u00fctardega pakuvad teile valikut imemaitsvatest itaalia roogadest &#8211; ehtsaid Napoli maitseid. S\u00fc\u00fca saab koha peal, kuid v\u00f5ib ka kaasa tellida. Huvi korral tuleks hoida silma peal nende Facebooki lehel, kus on \u00fcleval jooksev info lahtiolekuaegadest ning parajasti pakutavatest roogadest ja ettevalmistatavatest pitsakogustest.<\/p>\n\n\n\n<p><\/p>\n<\/div><\/div>\n\n\n\n<div style=\"height:40px\" aria-hidden=\"true\" class=\"wp-block-spacer\"><\/div>\n\n\n\n<p><strong>TELLI MOOTORPAADIS\u00d5IT LAHEL<\/strong><\/p>\n\n\n\n<p>Meres\u00f5iduks sobiva ilma ja paadiomanike vabade graafikute korral saame pakkuda ka paadis\u00f5itu Kolga lahel. Kaberneeme poolsaare l\u00e4heduses asuvad kaunid v\u00e4ikesaared, kus saab pidada piknikku ja veeta p\u00e4eva rannas. Oma soovist anna teada v\u00e4hemalt kaks n\u00e4dalat ette, et saaksime uurida kas teie soov on t\u00e4idetav.<\/p>\n\n\n\n<div class=\"wp-block-media-text is-stacked-on-mobile\"><figure class=\"wp-block-media-text__media\"><\/figure><div class=\"wp-block-media-text__content\">\n<p><\/p>\n<\/div><\/div>\n","protected":false},"excerpt":{"rendered":"<p>MinuSadam puhkemajakestes Kaberneemes v\u00f5id olla lihtsalt niisama, vedeleda rannas v\u00f5i jalutada metsas. Usume siiski, et aktiivne puhkus v\u00e4rskendab vaimu ja turgutab keha k\u00f5ige paremini. Sestap oleme hoolitsenud selle eest, et sul oleks valikuid erinevateks tegevusteks. NB! Meie territooriumil on teie turvalisuseks ja ebameeldivate olukordade \u00e4ra hoidmiseks videovalve. M\u00c4NGI TENNIST Kuna oleme ise suured tenniseentusiastid, siis &hellip; <a href=\"https:\/\/minusadam.com\/et\/getaway\/tegevused-ja-aktiivne-puhkus\/\">Continued<\/a><\/p>\n","protected":false},"author":2,"featured_media":0,"parent":614,"menu_order":0,"comment_status":"closed","ping_status":"closed","template":"","meta":{"_acf_changed":false,"footnotes":""},"class_list":["post-643","page","type-page","status-publish","hentry"],"acf":[],"yoast_head":"<!-- This site is optimized with the Yoast SEO plugin v27.2 - https:\/\/yoast.com\/product\/yoast-seo-wordpress\/ -->\n<title>Tegevused - Minusadam<\/title>\n<meta name=\"robots\" content=\"index, follow, max-snippet:-1, max-image-preview:large, max-video-preview:-1\" \/>\n<link rel=\"canonical\" href=\"https:\/\/minusadam.com\/et\/getaway\/tegevused-ja-aktiivne-puhkus\/\" \/>\n<meta property=\"og:locale\" content=\"et_EE\" \/>\n<meta property=\"og:type\" content=\"article\" \/>\n<meta property=\"og:title\" content=\"Tegevused - Minusadam\" \/>\n<meta property=\"og:description\" content=\"MinuSadam puhkemajakestes Kaberneemes v\u00f5id olla lihtsalt niisama, vedeleda rannas v\u00f5i jalutada metsas. Usume siiski, et aktiivne puhkus v\u00e4rskendab vaimu ja turgutab keha k\u00f5ige paremini. Sestap oleme hoolitsenud selle eest, et sul oleks valikuid erinevateks tegevusteks. NB! Meie territooriumil on teie turvalisuseks ja ebameeldivate olukordade \u00e4ra hoidmiseks videovalve. M\u00c4NGI TENNIST Kuna oleme ise suured tenniseentusiastid, siis &hellip; Continued\" \/>\n<meta property=\"og:url\" content=\"https:\/\/minusadam.com\/et\/getaway\/tegevused-ja-aktiivne-puhkus\/\" \/>\n<meta property=\"og:site_name\" content=\"Minusadam\" \/>\n<meta property=\"article:modified_time\" content=\"2025-08-29T11:00:11+00:00\" \/>\n<meta property=\"og:image\" content=\"https:\/\/minusadam.com\/et\/wp-content\/uploads\/sites\/2\/2024\/06\/Kata-sadamas_1-3.jpg\" \/>\n\t<meta property=\"og:image:width\" content=\"1200\" \/>\n\t<meta property=\"og:image:height\" content=\"800\" \/>\n\t<meta property=\"og:image:type\" content=\"image\/jpeg\" \/>\n<meta name=\"twitter:card\" content=\"summary_large_image\" \/>\n<meta name=\"twitter:label1\" content=\"Est. reading time\" \/>\n\t<meta name=\"twitter:data1\" content=\"5 minutit\" \/>\n<script type=\"application\/ld+json\" class=\"yoast-schema-graph\">{\"@context\":\"https:\/\/schema.org\",\"@graph\":[{\"@type\":\"WebPage\",\"@id\":\"https:\/\/minusadam.com\/et\/getaway\/tegevused-ja-aktiivne-puhkus\/\",\"url\":\"https:\/\/minusadam.com\/et\/getaway\/tegevused-ja-aktiivne-puhkus\/\",\"name\":\"Tegevused - Minusadam\",\"isPartOf\":{\"@id\":\"https:\/\/minusadam.com\/et\/#website\"},\"primaryImageOfPage\":{\"@id\":\"https:\/\/minusadam.com\/et\/getaway\/tegevused-ja-aktiivne-puhkus\/#primaryimage\"},\"image\":{\"@id\":\"https:\/\/minusadam.com\/et\/getaway\/tegevused-ja-aktiivne-puhkus\/#primaryimage\"},\"thumbnailUrl\":\"https:\/\/minusadam.com\/et\/wp-content\/uploads\/sites\/2\/2024\/06\/Kata-sadamas_1-3-1024x683.jpg\",\"datePublished\":\"2024-06-17T15:24:49+00:00\",\"dateModified\":\"2025-08-29T11:00:11+00:00\",\"breadcrumb\":{\"@id\":\"https:\/\/minusadam.com\/et\/getaway\/tegevused-ja-aktiivne-puhkus\/#breadcrumb\"},\"inLanguage\":\"et\",\"potentialAction\":[{\"@type\":\"ReadAction\",\"target\":[\"https:\/\/minusadam.com\/et\/getaway\/tegevused-ja-aktiivne-puhkus\/\"]}]},{\"@type\":\"ImageObject\",\"inLanguage\":\"et\",\"@id\":\"https:\/\/minusadam.com\/et\/getaway\/tegevused-ja-aktiivne-puhkus\/#primaryimage\",\"url\":\"https:\/\/minusadam.com\/et\/wp-content\/uploads\/sites\/2\/2024\/06\/Kata-sadamas_1-3.jpg\",\"contentUrl\":\"https:\/\/minusadam.com\/et\/wp-content\/uploads\/sites\/2\/2024\/06\/Kata-sadamas_1-3.jpg\",\"width\":1200,\"height\":800},{\"@type\":\"BreadcrumbList\",\"@id\":\"https:\/\/minusadam.com\/et\/getaway\/tegevused-ja-aktiivne-puhkus\/#breadcrumb\",\"itemListElement\":[{\"@type\":\"ListItem\",\"position\":1,\"name\":\"Home\",\"item\":\"https:\/\/minusadam.com\/et\/\"},{\"@type\":\"ListItem\",\"position\":2,\"name\":\"PUHKA KABERNEEMES\",\"item\":\"https:\/\/minusadam.com\/et\/getaway\/\"},{\"@type\":\"ListItem\",\"position\":3,\"name\":\"Tegevused\"}]},{\"@type\":\"WebSite\",\"@id\":\"https:\/\/minusadam.com\/et\/#website\",\"url\":\"https:\/\/minusadam.com\/et\/\",\"name\":\"Minusadam\",\"description\":\"\",\"publisher\":{\"@id\":\"https:\/\/minusadam.com\/et\/#organization\"},\"potentialAction\":[{\"@type\":\"SearchAction\",\"target\":{\"@type\":\"EntryPoint\",\"urlTemplate\":\"https:\/\/minusadam.com\/et\/?s={search_term_string}\"},\"query-input\":{\"@type\":\"PropertyValueSpecification\",\"valueRequired\":true,\"valueName\":\"search_term_string\"}}],\"inLanguage\":\"et\"},{\"@type\":\"Organization\",\"@id\":\"https:\/\/minusadam.com\/et\/#organization\",\"name\":\"Minusadam\",\"url\":\"https:\/\/minusadam.com\/et\/\",\"logo\":{\"@type\":\"ImageObject\",\"inLanguage\":\"et\",\"@id\":\"https:\/\/minusadam.com\/et\/#\/schema\/logo\/image\/\",\"url\":\"https:\/\/minusadam.com\/et\/wp-content\/uploads\/sites\/2\/2023\/02\/varvilised_sildike_minus_adam-2.jpg\",\"contentUrl\":\"https:\/\/minusadam.com\/et\/wp-content\/uploads\/sites\/2\/2023\/02\/varvilised_sildike_minus_adam-2.jpg\",\"width\":900,\"height\":900,\"caption\":\"Minusadam\"},\"image\":{\"@id\":\"https:\/\/minusadam.com\/et\/#\/schema\/logo\/image\/\"},\"sameAs\":[\"https:\/\/www.instagram.com\/kamabeanies\/\"]}]}<\/script>\n<!-- \/ Yoast SEO plugin. -->","yoast_head_json":{"title":"Tegevused - Minusadam","robots":{"index":"index","follow":"follow","max-snippet":"max-snippet:-1","max-image-preview":"max-image-preview:large","max-video-preview":"max-video-preview:-1"},"canonical":"https:\/\/minusadam.com\/et\/getaway\/tegevused-ja-aktiivne-puhkus\/","og_locale":"et_EE","og_type":"article","og_title":"Tegevused - Minusadam","og_description":"MinuSadam puhkemajakestes Kaberneemes v\u00f5id olla lihtsalt niisama, vedeleda rannas v\u00f5i jalutada metsas. Usume siiski, et aktiivne puhkus v\u00e4rskendab vaimu ja turgutab keha k\u00f5ige paremini. Sestap oleme hoolitsenud selle eest, et sul oleks valikuid erinevateks tegevusteks. NB! Meie territooriumil on teie turvalisuseks ja ebameeldivate olukordade \u00e4ra hoidmiseks videovalve. M\u00c4NGI TENNIST Kuna oleme ise suured tenniseentusiastid, siis &hellip; Continued","og_url":"https:\/\/minusadam.com\/et\/getaway\/tegevused-ja-aktiivne-puhkus\/","og_site_name":"Minusadam","article_modified_time":"2025-08-29T11:00:11+00:00","og_image":[{"width":1200,"height":800,"url":"https:\/\/minusadam.com\/et\/wp-content\/uploads\/sites\/2\/2024\/06\/Kata-sadamas_1-3.jpg","type":"image\/jpeg"}],"twitter_card":"summary_large_image","twitter_misc":{"Est. reading time":"5 minutit"},"schema":{"@context":"https:\/\/schema.org","@graph":[{"@type":"WebPage","@id":"https:\/\/minusadam.com\/et\/getaway\/tegevused-ja-aktiivne-puhkus\/","url":"https:\/\/minusadam.com\/et\/getaway\/tegevused-ja-aktiivne-puhkus\/","name":"Tegevused - Minusadam","isPartOf":{"@id":"https:\/\/minusadam.com\/et\/#website"},"primaryImageOfPage":{"@id":"https:\/\/minusadam.com\/et\/getaway\/tegevused-ja-aktiivne-puhkus\/#primaryimage"},"image":{"@id":"https:\/\/minusadam.com\/et\/getaway\/tegevused-ja-aktiivne-puhkus\/#primaryimage"},"thumbnailUrl":"https:\/\/minusadam.com\/et\/wp-content\/uploads\/sites\/2\/2024\/06\/Kata-sadamas_1-3-1024x683.jpg","datePublished":"2024-06-17T15:24:49+00:00","dateModified":"2025-08-29T11:00:11+00:00","breadcrumb":{"@id":"https:\/\/minusadam.com\/et\/getaway\/tegevused-ja-aktiivne-puhkus\/#breadcrumb"},"inLanguage":"et","potentialAction":[{"@type":"ReadAction","target":["https:\/\/minusadam.com\/et\/getaway\/tegevused-ja-aktiivne-puhkus\/"]}]},{"@type":"ImageObject","inLanguage":"et","@id":"https:\/\/minusadam.com\/et\/getaway\/tegevused-ja-aktiivne-puhkus\/#primaryimage","url":"https:\/\/minusadam.com\/et\/wp-content\/uploads\/sites\/2\/2024\/06\/Kata-sadamas_1-3.jpg","contentUrl":"https:\/\/minusadam.com\/et\/wp-content\/uploads\/sites\/2\/2024\/06\/Kata-sadamas_1-3.jpg","width":1200,"height":800},{"@type":"BreadcrumbList","@id":"https:\/\/minusadam.com\/et\/getaway\/tegevused-ja-aktiivne-puhkus\/#breadcrumb","itemListElement":[{"@type":"ListItem","position":1,"name":"Home","item":"https:\/\/minusadam.com\/et\/"},{"@type":"ListItem","position":2,"name":"PUHKA KABERNEEMES","item":"https:\/\/minusadam.com\/et\/getaway\/"},{"@type":"ListItem","position":3,"name":"Tegevused"}]},{"@type":"WebSite","@id":"https:\/\/minusadam.com\/et\/#website","url":"https:\/\/minusadam.com\/et\/","name":"Minusadam","description":"","publisher":{"@id":"https:\/\/minusadam.com\/et\/#organization"},"potentialAction":[{"@type":"SearchAction","target":{"@type":"EntryPoint","urlTemplate":"https:\/\/minusadam.com\/et\/?s={search_term_string}"},"query-input":{"@type":"PropertyValueSpecification","valueRequired":true,"valueName":"search_term_string"}}],"inLanguage":"et"},{"@type":"Organization","@id":"https:\/\/minusadam.com\/et\/#organization","name":"Minusadam","url":"https:\/\/minusadam.com\/et\/","logo":{"@type":"ImageObject","inLanguage":"et","@id":"https:\/\/minusadam.com\/et\/#\/schema\/logo\/image\/","url":"https:\/\/minusadam.com\/et\/wp-content\/uploads\/sites\/2\/2023\/02\/varvilised_sildike_minus_adam-2.jpg","contentUrl":"https:\/\/minusadam.com\/et\/wp-content\/uploads\/sites\/2\/2023\/02\/varvilised_sildike_minus_adam-2.jpg","width":900,"height":900,"caption":"Minusadam"},"image":{"@id":"https:\/\/minusadam.com\/et\/#\/schema\/logo\/image\/"},"sameAs":["https:\/\/www.instagram.com\/kamabeanies\/"]}]}},"_links":{"self":[{"href":"https:\/\/minusadam.com\/et\/wp-json\/wp\/v2\/pages\/643","targetHints":{"allow":["GET"]}}],"collection":[{"href":"https:\/\/minusadam.com\/et\/wp-json\/wp\/v2\/pages"}],"about":[{"href":"https:\/\/minusadam.com\/et\/wp-json\/wp\/v2\/types\/page"}],"author":[{"embeddable":true,"href":"https:\/\/minusadam.com\/et\/wp-json\/wp\/v2\/users\/2"}],"replies":[{"embeddable":true,"href":"https:\/\/minusadam.com\/et\/wp-json\/wp\/v2\/comments?post=643"}],"version-history":[{"count":47,"href":"https:\/\/minusadam.com\/et\/wp-json\/wp\/v2\/pages\/643\/revisions"}],"predecessor-version":[{"id":1280,"href":"https:\/\/minusadam.com\/et\/wp-json\/wp\/v2\/pages\/643\/revisions\/1280"}],"up":[{"embeddable":true,"href":"https:\/\/minusadam.com\/et\/wp-json\/wp\/v2\/pages\/614"}],"wp:attachment":[{"href":"https:\/\/minusadam.com\/et\/wp-json\/wp\/v2\/media?parent=643"}],"curies":[{"name":"wp","href":"https:\/\/api.w.org\/{rel}","templated":true}]}}